{"id":1542,"date":"2025-03-18T12:41:14","date_gmt":"2025-03-18T11:41:14","guid":{"rendered":"https:\/\/talleres-gara.com\/categorie-cnc\/"},"modified":"2025-03-25T11:18:05","modified_gmt":"2025-03-25T10:18:05","slug":"categorie-cnc","status":"publish","type":"page","link":"https:\/\/talleres-gara.com\/fr\/categorie-cnc\/","title":{"rendered":"Cat\u00e9gorie CNC"},"content":{"rendered":"<div class=\"fusion-fullwidth fullwidth-box fusion-builder-row-1 fusion-flex-container nonhundred-percent-fullwidth non-hundred-percent-height-scrolling\" style=\"background-color: rgba(255,255,255,0);background-position: center center;background-repeat: no-repeat;border-width: 0px 0px 0px 0px;border-color:#eae9e9;border-style:solid;\" ><div class=\"fusion-builder-row fusion-row fusion-flex-align-items-flex-start\" style=\"max-width:1206.4px;margin-left: calc(-4% \/ 2 );margin-right: calc(-4% \/ 2 );\"><div class=\"fusion-layout-column fusion_builder_column fusion-builder-column-0 fusion_builder_column_1_1 1_1 fusion-flex-column\"><div class=\"fusion-column-wrapper fusion-flex-justify-content-flex-start fusion-content-layout-column\" style=\"background-position:left top;background-repeat:no-repeat;-webkit-background-size:cover;-moz-background-size:cover;-o-background-size:cover;background-size:cover;padding: 0px 0px 0px 0px;\"><div class=\"fusion-text fusion-text-1\" style=\"transform:translate3d(0,0,0);\"><p><a style=\"display: inline-block; padding: 10px 20px; margin-right: 10px; color: #000; text-decoration: none; border-radius: 5px; font-family: sans-serif; transition: background-color 0.3s ease;\" href=\"https:\/\/talleres-gara.com\/fr\/tors-horizontaux-cnc\/\">Tors Horizontaux CNC<br \/>\n<\/a><a style=\"display: inline-block; padding: 10px 20px; margin-right: 10px; color: #000; text-decoration: none; border-radius: 5px; font-family: sans-serif; transition: background-color 0.3s ease;\" href=\"https:\/\/talleres-gara.com\/fr\/tors-verticaux-cnc\/\"> Tors verticaux CNC<br \/>\n<\/a><a style=\"display: inline-block; padding: 10px 20px; margin-right: 10px; color: #000; text-decoration: none; border-radius: 5px; font-family: sans-serif; transition: background-color 0.3s ease;\" href=\"https:\/\/talleres-gara.com\/fr\/centres-dusinage-5-axes\/\">centres d\u2019usinage 5 axes<br \/>\n<\/a><\/p>\n<div style=\"text-align: center;\">\n<div style=\"display: flex; justify-content: center; flex-wrap: wrap;\">\n<div style=\"width: 30%; margin: 10px; border: 1px solid #ddd; padding: 10px;\">\n<p><img decoding=\"async\" class=\"alignnone wp-image-909 lazyload\" data-src=\"https:\/\/talleres-gara.com\/wp-content\/uploads\/2025\/03\/torno-cnc-goodway-serie-GA-destacada-768x512-1.jpg\" alt=\"\" width=\"242\" height=\"161\" data-srcset=\"https:\/\/talleres-gara.com\/wp-content\/uploads\/2025\/03\/torno-cnc-goodway-serie-GA-destacada-768x512-1-200x133.jpg 200w, https:\/\/talleres-gara.com\/wp-content\/uploads\/2025\/03\/torno-cnc-goodway-serie-GA-destacada-768x512-1-300x200.jpg 300w, https:\/\/talleres-gara.com\/wp-content\/uploads\/2025\/03\/torno-cnc-goodway-serie-GA-destacada-768x512-1-400x267.jpg 400w, https:\/\/talleres-gara.com\/wp-content\/uploads\/2025\/03\/torno-cnc-goodway-serie-GA-destacada-768x512-1-600x400.jpg 600w, https:\/\/talleres-gara.com\/wp-content\/uploads\/2025\/03\/torno-cnc-goodway-serie-GA-destacada-768x512-1.jpg 768w\" data-sizes=\"(max-width: 242px) 100vw, 242px\" src=\"data:image\/svg+xml;base64,PHN2ZyB3aWR0aD0iMSIgaGVpZ2h0PSIxIiB4bWxucz0iaHR0cDovL3d3dy53My5vcmcvMjAwMC9zdmciPjwvc3ZnPg==\" style=\"--smush-placeholder-width: 242px; --smush-placeholder-aspect-ratio: 242\/161;\" \/><\/p>\n<h3 class=\"mb-2 last:mb-0 fusion-responsive-typography-calculated\" data-fontsize=\"18\" data-lineheight=\"23.94px\">Tors Horizontaux CNC<\/h3>\n<p><strong>Cat\u00e9gorie\u00a0<\/strong>: TORS HORIZONTAUX CNC<\/p>\n<p class=\"mb-2 last:mb-0\">usinage de pi\u00e8ces sur des tours horizontaux cnc de derni\u00e8re g\u00e9n\u00e9ration.<\/p>\n<p><a style=\"display: inline-block; padding: 15px 30px; background-color: #008cba; color: white; font-family: sans-serif; font-size: 18px; text-decoration: none; border-radius: 5px; border: none; cursor: pointer;\" href=\"https:\/\/talleres-gara.com\/fr\/tors-horizontaux-cnc\/\">VOIR LE PROJET<\/a><\/p>\n<\/div>\n<div style=\"width: 30%; margin: 10px; border: 1px solid #ddd; padding: 10px;\">\n<p><img decoding=\"async\" class=\"alignnone wp-image-122 lazyload\" data-src=\"https:\/\/talleres-gara.com\/wp-content\/uploads\/2016\/09\/mecanizados-pieza54-460x230.jpg\" alt=\"Mecanizados piezas\" width=\"678\" height=\"339\" data-srcset=\"https:\/\/talleres-gara.com\/wp-content\/uploads\/2016\/09\/mecanizados-pieza54-460x230-200x100.jpg 200w, https:\/\/talleres-gara.com\/wp-content\/uploads\/2016\/09\/mecanizados-pieza54-460x230-300x150.jpg 300w, https:\/\/talleres-gara.com\/wp-content\/uploads\/2016\/09\/mecanizados-pieza54-460x230-400x200.jpg 400w, https:\/\/talleres-gara.com\/wp-content\/uploads\/2016\/09\/mecanizados-pieza54-460x230.jpg 460w\" data-sizes=\"(max-width: 678px) 100vw, 678px\" src=\"data:image\/svg+xml;base64,PHN2ZyB3aWR0aD0iMSIgaGVpZ2h0PSIxIiB4bWxucz0iaHR0cDovL3d3dy53My5vcmcvMjAwMC9zdmciPjwvc3ZnPg==\" style=\"--smush-placeholder-width: 678px; --smush-placeholder-aspect-ratio: 678\/339;\" \/><\/p>\n<h3 class=\"fusion-responsive-typography-calculated\" data-fontsize=\"18\" data-lineheight=\"23.94px\">Tors verticaux CNC<\/h3>\n<p><strong>Cat\u00e9gorie\u00a0<\/strong>: TORS VERTICAUX CNC<\/p>\n<p class=\"mb-2 last:mb-0\">usinage de pi\u00e8ces de grande taille sur des tours verticaux cnc.<\/p>\n<p><a style=\"display: inline-block; padding: 15px 30px; background-color: #008cba; color: white; font-family: sans-serif; font-size: 18px; text-decoration: none; border-radius: 5px; border: none; cursor: pointer;\" href=\"https:\/\/talleres-gara.com\/torno-vertical\/\">VOIR LE PROJET<\/a><\/p>\n<\/div>\n<div style=\"width: 30%; margin: 10px; border: 1px solid #ddd; padding: 10px;\">\n<p><img decoding=\"async\" class=\"alignnone wp-image-82 lazyload\" data-src=\"https:\/\/talleres-gara.com\/wp-content\/uploads\/2016\/09\/3-fresadora-nicolas-correa-Axia-85-940x705.jpg\" alt=\"Fresadora Nicolas Correa Axia 85\" width=\"227\" height=\"170\" data-srcset=\"https:\/\/talleres-gara.com\/wp-content\/uploads\/2016\/09\/3-fresadora-nicolas-correa-Axia-85-940x705-200x150.jpg 200w, https:\/\/talleres-gara.com\/wp-content\/uploads\/2016\/09\/3-fresadora-nicolas-correa-Axia-85-940x705-300x225.jpg 300w, https:\/\/talleres-gara.com\/wp-content\/uploads\/2016\/09\/3-fresadora-nicolas-correa-Axia-85-940x705-400x300.jpg 400w, https:\/\/talleres-gara.com\/wp-content\/uploads\/2016\/09\/3-fresadora-nicolas-correa-Axia-85-940x705-600x450.jpg 600w, https:\/\/talleres-gara.com\/wp-content\/uploads\/2016\/09\/3-fresadora-nicolas-correa-Axia-85-940x705-768x576.jpg 768w, https:\/\/talleres-gara.com\/wp-content\/uploads\/2016\/09\/3-fresadora-nicolas-correa-Axia-85-940x705-800x600.jpg 800w, https:\/\/talleres-gara.com\/wp-content\/uploads\/2016\/09\/3-fresadora-nicolas-correa-Axia-85-940x705.jpg 940w\" data-sizes=\"(max-width: 227px) 100vw, 227px\" src=\"data:image\/svg+xml;base64,PHN2ZyB3aWR0aD0iMSIgaGVpZ2h0PSIxIiB4bWxucz0iaHR0cDovL3d3dy53My5vcmcvMjAwMC9zdmciPjwvc3ZnPg==\" style=\"--smush-placeholder-width: 227px; --smush-placeholder-aspect-ratio: 227\/170;\" \/><\/p>\n<div class=\"relative mx-auto max-w-2xl px-0 md:px-4 w-full md:m-auto md:w-&#091;90%&#093;\">\n<div class=\"group relative mb-4 flex items-start md:-ml-12\">\n<div class=\"ml-4 flex-1 space-y-2 overflow-hidden px-1\">\n<div class=\"prose break-words dark:prose-invert prose-p:leading-relaxed prose-pre:p-0 fix-max-with-100\">\n<h3 class=\"mb-2 last:mb-0 fusion-responsive-typography-calculated\" data-fontsize=\"18\" data-lineheight=\"23.94px\">centres d\u2019usinage 5 axes<\/h3>\n<\/div>\n<\/div>\n<\/div>\n<\/div>\n<p><strong>Cat\u00e9gorie\u00a0<\/strong>: CENTRES D\u2019USINAGE 5 AXES<\/p>\n<p class=\"mb-2 last:mb-0\">usinage de haute complexit\u00e9 sur des centres d\u2019usinage \u00e0 5 axes.<\/p>\n<h3><a style=\"display: inline-block; padding: 15px 30px; background-color: #008cba; color: white; font-family: sans-serif; font-size: 18px; text-decoration: none; border-radius: 5px; border: none; cursor: pointer;\" href=\"https:\/\/talleres-gara.com\/fr\/centres-dusinage-5-axes\/\">VOIR LE PROJET<\/a><\/h3>\n<\/div>\n<\/div>\n<\/div>\n<p><!--more--><\/p>\n<\/div><div class=\"fusion-separator fusion-full-width-sep\" style=\"align-self: center;margin-left: auto;margin-right: auto;margin-bottom:80px;width:100%;\"><\/div><style type=\"text\/css\">@media only screen and (max-width:1024px) {.fusion-title.fusion-title-1{margin-top:0px!important;margin-bottom:31px!important;}}@media only screen and (max-width:640px) {.fusion-title.fusion-title-1{margin-top:10px!important;margin-bottom:10px!important;}}<\/style><div class=\"fusion-title title fusion-title-1 fusion-title-text fusion-title-size-three\" style=\"margin-top:0px;margin-bottom:31px;\"><div class=\"title-sep-container title-sep-container-left fusion-no-large-visibility fusion-no-medium-visibility fusion-no-small-visibility\"><div class=\"title-sep sep-double sep-solid\" style=\"border-color:#e0dede;\"><\/div><\/div><h3 class=\"title-heading-left\" style=\"margin:0;\">Demander un devis<\/h3><div class=\"title-sep-container title-sep-container-right\"><div class=\"title-sep sep-double sep-solid\" style=\"border-color:#e0dede;\"><\/div><\/div><\/div><style type='text\/css'>.reading-box-container-1 .element-bottomshadow:before,.reading-box-container-1 .element-bottomshadow:after{opacity:0.7;}<\/style><div class=\"fusion-reading-box-container reading-box-container-1\" style=\"margin-top:0px;margin-bottom:84px;\"><div class=\"reading-box\" style=\"background-color:#f6f6f6;border-width:1px;border-color:#f6f6f6;border-top-width:3px;border-top-color:var(--primary_color);border-style:solid;\"><a class=\"button fusion-button button-default fusion-button-xlarge button-xlarge button-flat fusion-desktop-button fusion-tagline-button continue fusion-desktop-button-margin continue-right\" style=\"-webkit-box-shadow:none;-moz-box-shadow:none;box-shadow:none;border-radius:1px;\" href=\"https:\/\/talleres-gara.com\/contacto-2\/?preview_id=1606&amp;preview_nonce=796922dd05&amp;_thumbnail_id=-1&amp;preview=true\" target=\"_self\"><span>Demander un devis<\/span><\/a><div class=\"reading-box-description\">Si vous souhaitez un devis personnalis\u00e9, vous pouvez nous envoyer un plan de la pi\u00e8ce avec vos exigences et nous vous enverrons un devis sans engagement.\n\n<\/div><div class=\"fusion-clearfix\"><\/div><a class=\"button fusion-button button-default fusion-button-xlarge button-xlarge button-flat fusion-mobile-button continue-right\" style=\"-webkit-box-shadow:none;-moz-box-shadow:none;box-shadow:none;border-radius:1px;\" href=\"https:\/\/talleres-gara.com\/contacto-2\/?preview_id=1606&amp;preview_nonce=796922dd05&amp;_thumbnail_id=-1&amp;preview=true\" target=\"_self\"><span>Demander un devis<\/span><\/a><\/div><\/div><\/div><\/div><style type=\"text\/css\">.fusion-body .fusion-builder-column-0{width:100% !important;margin-top : 0px;margin-bottom : 20px;}.fusion-builder-column-0 > .fusion-column-wrapper {padding-top : 0px !important;padding-right : 0px !important;margin-right : 1.92%;padding-bottom : 0px !important;padding-left : 0px !important;margin-left : 1.92%;}@media only screen and (max-width:1024px) {.fusion-body .fusion-builder-column-0{width:100% !important;order : 0;}.fusion-builder-column-0 > .fusion-column-wrapper {margin-right : 1.92%;margin-left : 1.92%;}}@media only screen and (max-width:640px) {.fusion-body .fusion-builder-column-0{width:100% !important;order : 0;}.fusion-builder-column-0 > .fusion-column-wrapper {margin-right : 1.92%;margin-left : 1.92%;}}<\/style><\/div><style type=\"text\/css\">.fusion-body .fusion-flex-container.fusion-builder-row-1{ padding-top : 0px;margin-top : 0px;padding-right : 0px;padding-bottom : 0px;margin-bottom : 0px;padding-left : 0px;}<\/style><\/div>\n","protected":false},"excerpt":{"rendered":"<p>Tors Horizontaux CNC Tors verticaux CNC centres d\u2019usinage 5 axes Tors Horizontaux CNC Cat\u00e9gorie\u00a0: TORS HORIZONTAUX CNC usinage de pi\u00e8ces sur des tours horizontaux cnc de derni\u00e8re g\u00e9n\u00e9ration. VOIR LE PROJET Tors verticaux CNC Cat\u00e9gorie\u00a0: TORS VERTICAUX CNC usinage de pi\u00e8ces de grande taille sur des tours verticaux cnc. VOIR LE PROJET centres d\u2019usinage 5 [&hellip;]<\/p>\n","protected":false},"author":1,"featured_media":0,"parent":0,"menu_order":0,"comment_status":"closed","ping_status":"closed","template":"","meta":{"_acf_changed":false,"footnotes":""},"class_list":["post-1542","page","type-page","status-publish","hentry"],"acf":[],"yoast_head":"<!-- This site is optimized with the Yoast SEO plugin v27.5 - https:\/\/yoast.com\/product\/yoast-seo-wordpress\/ -->\n<title>Cat\u00e9gorie CNC - Talleres Gara<\/title>\n<meta name=\"robots\" content=\"index, follow, max-snippet:-1, max-image-preview:large, max-video-preview:-1\" \/>\n<link rel=\"canonical\" href=\"https:\/\/talleres-gara.com\/fr\/categorie-cnc\/\" \/>\n<meta property=\"og:locale\" content=\"fr_FR\" \/>\n<meta property=\"og:type\" content=\"article\" \/>\n<meta property=\"og:title\" content=\"Cat\u00e9gorie CNC - Talleres Gara\" \/>\n<meta property=\"og:description\" content=\"Tors Horizontaux CNC Tors verticaux CNC centres d\u2019usinage 5 axes Tors Horizontaux CNC Cat\u00e9gorie\u00a0: TORS HORIZONTAUX CNC usinage de pi\u00e8ces sur des tours horizontaux cnc de derni\u00e8re g\u00e9n\u00e9ration. VOIR LE PROJET Tors verticaux CNC Cat\u00e9gorie\u00a0: TORS VERTICAUX CNC usinage de pi\u00e8ces de grande taille sur des tours verticaux cnc. VOIR LE PROJET centres d\u2019usinage 5 [&hellip;]\" \/>\n<meta property=\"og:url\" content=\"https:\/\/talleres-gara.com\/fr\/categorie-cnc\/\" \/>\n<meta property=\"og:site_name\" content=\"Talleres Gara\" \/>\n<meta property=\"article:modified_time\" content=\"2025-03-25T10:18:05+00:00\" \/>\n<meta property=\"og:image\" content=\"https:\/\/talleres-gara.com\/wp-content\/uploads\/2025\/03\/torno-cnc-goodway-serie-GA-destacada-768x512-1.jpg\" \/>\n\t<meta property=\"og:image:width\" content=\"768\" \/>\n\t<meta property=\"og:image:height\" content=\"512\" \/>\n\t<meta property=\"og:image:type\" content=\"image\/jpeg\" \/>\n<meta name=\"twitter:card\" content=\"summary_large_image\" \/>\n<meta name=\"twitter:label1\" content=\"Dur\u00e9e de lecture estim\u00e9e\" \/>\n\t<meta name=\"twitter:data1\" content=\"3 minutes\" \/>\n<script type=\"application\/ld+json\" class=\"yoast-schema-graph\">{\"@context\":\"https:\\\/\\\/schema.org\",\"@graph\":[{\"@type\":\"NewsArticle\",\"@id\":\"https:\\\/\\\/talleres-gara.com\\\/fr\\\/categorie-cnc\\\/#article\",\"isPartOf\":{\"@id\":\"https:\\\/\\\/talleres-gara.com\\\/fr\\\/categorie-cnc\\\/\"},\"author\":{\"name\":\"Talleres Gara\",\"@id\":\"https:\\\/\\\/talleres-gara.com\\\/fr\\\/#\\\/schema\\\/person\\\/138a7d3e67907d6e5d3a8d71ef4c7634\"},\"headline\":\"Cat\u00e9gorie CNC\",\"datePublished\":\"2025-03-18T11:41:14+00:00\",\"dateModified\":\"2025-03-25T10:18:05+00:00\",\"mainEntityOfPage\":{\"@id\":\"https:\\\/\\\/talleres-gara.com\\\/fr\\\/categorie-cnc\\\/\"},\"wordCount\":820,\"publisher\":{\"@id\":\"https:\\\/\\\/talleres-gara.com\\\/fr\\\/#organization\"},\"image\":{\"@id\":\"https:\\\/\\\/talleres-gara.com\\\/fr\\\/categorie-cnc\\\/#primaryimage\"},\"thumbnailUrl\":\"https:\\\/\\\/talleres-gara.com\\\/wp-content\\\/uploads\\\/2025\\\/03\\\/torno-cnc-goodway-serie-GA-destacada-768x512-1.jpg\",\"inLanguage\":\"fr-FR\"},{\"@type\":\"WebPage\",\"@id\":\"https:\\\/\\\/talleres-gara.com\\\/fr\\\/categorie-cnc\\\/\",\"url\":\"https:\\\/\\\/talleres-gara.com\\\/fr\\\/categorie-cnc\\\/\",\"name\":\"Cat\u00e9gorie CNC - Talleres Gara\",\"isPartOf\":{\"@id\":\"https:\\\/\\\/talleres-gara.com\\\/fr\\\/#website\"},\"primaryImageOfPage\":{\"@id\":\"https:\\\/\\\/talleres-gara.com\\\/fr\\\/categorie-cnc\\\/#primaryimage\"},\"image\":{\"@id\":\"https:\\\/\\\/talleres-gara.com\\\/fr\\\/categorie-cnc\\\/#primaryimage\"},\"thumbnailUrl\":\"https:\\\/\\\/talleres-gara.com\\\/wp-content\\\/uploads\\\/2025\\\/03\\\/torno-cnc-goodway-serie-GA-destacada-768x512-1.jpg\",\"datePublished\":\"2025-03-18T11:41:14+00:00\",\"dateModified\":\"2025-03-25T10:18:05+00:00\",\"breadcrumb\":{\"@id\":\"https:\\\/\\\/talleres-gara.com\\\/fr\\\/categorie-cnc\\\/#breadcrumb\"},\"inLanguage\":\"fr-FR\",\"potentialAction\":[{\"@type\":\"ReadAction\",\"target\":[\"https:\\\/\\\/talleres-gara.com\\\/fr\\\/categorie-cnc\\\/\"]}]},{\"@type\":\"ImageObject\",\"inLanguage\":\"fr-FR\",\"@id\":\"https:\\\/\\\/talleres-gara.com\\\/fr\\\/categorie-cnc\\\/#primaryimage\",\"url\":\"https:\\\/\\\/talleres-gara.com\\\/wp-content\\\/uploads\\\/2025\\\/03\\\/torno-cnc-goodway-serie-GA-destacada-768x512-1.jpg\",\"contentUrl\":\"https:\\\/\\\/talleres-gara.com\\\/wp-content\\\/uploads\\\/2025\\\/03\\\/torno-cnc-goodway-serie-GA-destacada-768x512-1.jpg\"},{\"@type\":\"BreadcrumbList\",\"@id\":\"https:\\\/\\\/talleres-gara.com\\\/fr\\\/categorie-cnc\\\/#breadcrumb\",\"itemListElement\":[{\"@type\":\"ListItem\",\"position\":1,\"name\":\"Portada\",\"item\":\"https:\\\/\\\/talleres-gara.com\\\/fr\\\/\"},{\"@type\":\"ListItem\",\"position\":2,\"name\":\"Cat\u00e9gorie CNC\"}]},{\"@type\":\"WebSite\",\"@id\":\"https:\\\/\\\/talleres-gara.com\\\/fr\\\/#website\",\"url\":\"https:\\\/\\\/talleres-gara.com\\\/fr\\\/\",\"name\":\"Talleres Gara - Mecanizaci\u00f3n de piezas sobre plano\",\"description\":\"Mecanizaci\u00f3n de piezas sobre plano\",\"publisher\":{\"@id\":\"https:\\\/\\\/talleres-gara.com\\\/fr\\\/#organization\"},\"alternateName\":\"Talleres Gara\",\"potentialAction\":[{\"@type\":\"SearchAction\",\"target\":{\"@type\":\"EntryPoint\",\"urlTemplate\":\"https:\\\/\\\/talleres-gara.com\\\/fr\\\/?s={search_term_string}\"},\"query-input\":{\"@type\":\"PropertyValueSpecification\",\"valueRequired\":true,\"valueName\":\"search_term_string\"}}],\"inLanguage\":\"fr-FR\"},{\"@type\":\"Organization\",\"@id\":\"https:\\\/\\\/talleres-gara.com\\\/fr\\\/#organization\",\"name\":\"Talleres Gara\",\"alternateName\":\"Talleres Gara\",\"url\":\"https:\\\/\\\/talleres-gara.com\\\/fr\\\/\",\"logo\":{\"@type\":\"ImageObject\",\"inLanguage\":\"fr-FR\",\"@id\":\"https:\\\/\\\/talleres-gara.com\\\/fr\\\/#\\\/schema\\\/logo\\\/image\\\/\",\"url\":\"https:\\\/\\\/talleres-gara.com\\\/wp-content\\\/uploads\\\/2016\\\/09\\\/LOGO-TALLERES-GARA-FLICK.jpg\",\"contentUrl\":\"https:\\\/\\\/talleres-gara.com\\\/wp-content\\\/uploads\\\/2016\\\/09\\\/LOGO-TALLERES-GARA-FLICK.jpg\",\"width\":70,\"height\":84,\"caption\":\"Talleres Gara\"},\"image\":{\"@id\":\"https:\\\/\\\/talleres-gara.com\\\/fr\\\/#\\\/schema\\\/logo\\\/image\\\/\"}},{\"@type\":\"Person\",\"@id\":\"https:\\\/\\\/talleres-gara.com\\\/fr\\\/#\\\/schema\\\/person\\\/138a7d3e67907d6e5d3a8d71ef4c7634\",\"name\":\"Talleres Gara\",\"image\":{\"@type\":\"ImageObject\",\"inLanguage\":\"fr-FR\",\"@id\":\"https:\\\/\\\/secure.gravatar.com\\\/avatar\\\/9bfbafce857c09da9da654f4325c21eedf9c896b790ed2869af7484e3cb9e336?s=96&d=mm&r=g\",\"url\":\"https:\\\/\\\/secure.gravatar.com\\\/avatar\\\/9bfbafce857c09da9da654f4325c21eedf9c896b790ed2869af7484e3cb9e336?s=96&d=mm&r=g\",\"contentUrl\":\"https:\\\/\\\/secure.gravatar.com\\\/avatar\\\/9bfbafce857c09da9da654f4325c21eedf9c896b790ed2869af7484e3cb9e336?s=96&d=mm&r=g\",\"caption\":\"Talleres Gara\"}}]}<\/script>\n<!-- \/ Yoast SEO plugin. -->","yoast_head_json":{"title":"Cat\u00e9gorie CNC - Talleres Gara","robots":{"index":"index","follow":"follow","max-snippet":"max-snippet:-1","max-image-preview":"max-image-preview:large","max-video-preview":"max-video-preview:-1"},"canonical":"https:\/\/talleres-gara.com\/fr\/categorie-cnc\/","og_locale":"fr_FR","og_type":"article","og_title":"Cat\u00e9gorie CNC - Talleres Gara","og_description":"Tors Horizontaux CNC Tors verticaux CNC centres d\u2019usinage 5 axes Tors Horizontaux CNC Cat\u00e9gorie\u00a0: TORS HORIZONTAUX CNC usinage de pi\u00e8ces sur des tours horizontaux cnc de derni\u00e8re g\u00e9n\u00e9ration. VOIR LE PROJET Tors verticaux CNC Cat\u00e9gorie\u00a0: TORS VERTICAUX CNC usinage de pi\u00e8ces de grande taille sur des tours verticaux cnc. VOIR LE PROJET centres d\u2019usinage 5 [&hellip;]","og_url":"https:\/\/talleres-gara.com\/fr\/categorie-cnc\/","og_site_name":"Talleres Gara","article_modified_time":"2025-03-25T10:18:05+00:00","og_image":[{"width":768,"height":512,"url":"https:\/\/talleres-gara.com\/wp-content\/uploads\/2025\/03\/torno-cnc-goodway-serie-GA-destacada-768x512-1.jpg","type":"image\/jpeg"}],"twitter_card":"summary_large_image","twitter_misc":{"Dur\u00e9e de lecture estim\u00e9e":"3 minutes"},"schema":{"@context":"https:\/\/schema.org","@graph":[{"@type":"NewsArticle","@id":"https:\/\/talleres-gara.com\/fr\/categorie-cnc\/#article","isPartOf":{"@id":"https:\/\/talleres-gara.com\/fr\/categorie-cnc\/"},"author":{"name":"Talleres Gara","@id":"https:\/\/talleres-gara.com\/fr\/#\/schema\/person\/138a7d3e67907d6e5d3a8d71ef4c7634"},"headline":"Cat\u00e9gorie CNC","datePublished":"2025-03-18T11:41:14+00:00","dateModified":"2025-03-25T10:18:05+00:00","mainEntityOfPage":{"@id":"https:\/\/talleres-gara.com\/fr\/categorie-cnc\/"},"wordCount":820,"publisher":{"@id":"https:\/\/talleres-gara.com\/fr\/#organization"},"image":{"@id":"https:\/\/talleres-gara.com\/fr\/categorie-cnc\/#primaryimage"},"thumbnailUrl":"https:\/\/talleres-gara.com\/wp-content\/uploads\/2025\/03\/torno-cnc-goodway-serie-GA-destacada-768x512-1.jpg","inLanguage":"fr-FR"},{"@type":"WebPage","@id":"https:\/\/talleres-gara.com\/fr\/categorie-cnc\/","url":"https:\/\/talleres-gara.com\/fr\/categorie-cnc\/","name":"Cat\u00e9gorie CNC - Talleres Gara","isPartOf":{"@id":"https:\/\/talleres-gara.com\/fr\/#website"},"primaryImageOfPage":{"@id":"https:\/\/talleres-gara.com\/fr\/categorie-cnc\/#primaryimage"},"image":{"@id":"https:\/\/talleres-gara.com\/fr\/categorie-cnc\/#primaryimage"},"thumbnailUrl":"https:\/\/talleres-gara.com\/wp-content\/uploads\/2025\/03\/torno-cnc-goodway-serie-GA-destacada-768x512-1.jpg","datePublished":"2025-03-18T11:41:14+00:00","dateModified":"2025-03-25T10:18:05+00:00","breadcrumb":{"@id":"https:\/\/talleres-gara.com\/fr\/categorie-cnc\/#breadcrumb"},"inLanguage":"fr-FR","potentialAction":[{"@type":"ReadAction","target":["https:\/\/talleres-gara.com\/fr\/categorie-cnc\/"]}]},{"@type":"ImageObject","inLanguage":"fr-FR","@id":"https:\/\/talleres-gara.com\/fr\/categorie-cnc\/#primaryimage","url":"https:\/\/talleres-gara.com\/wp-content\/uploads\/2025\/03\/torno-cnc-goodway-serie-GA-destacada-768x512-1.jpg","contentUrl":"https:\/\/talleres-gara.com\/wp-content\/uploads\/2025\/03\/torno-cnc-goodway-serie-GA-destacada-768x512-1.jpg"},{"@type":"BreadcrumbList","@id":"https:\/\/talleres-gara.com\/fr\/categorie-cnc\/#breadcrumb","itemListElement":[{"@type":"ListItem","position":1,"name":"Portada","item":"https:\/\/talleres-gara.com\/fr\/"},{"@type":"ListItem","position":2,"name":"Cat\u00e9gorie CNC"}]},{"@type":"WebSite","@id":"https:\/\/talleres-gara.com\/fr\/#website","url":"https:\/\/talleres-gara.com\/fr\/","name":"Talleres Gara - Mecanizaci\u00f3n de piezas sobre plano","description":"Mecanizaci\u00f3n de piezas sobre plano","publisher":{"@id":"https:\/\/talleres-gara.com\/fr\/#organization"},"alternateName":"Talleres Gara","potentialAction":[{"@type":"SearchAction","target":{"@type":"EntryPoint","urlTemplate":"https:\/\/talleres-gara.com\/fr\/?s={search_term_string}"},"query-input":{"@type":"PropertyValueSpecification","valueRequired":true,"valueName":"search_term_string"}}],"inLanguage":"fr-FR"},{"@type":"Organization","@id":"https:\/\/talleres-gara.com\/fr\/#organization","name":"Talleres Gara","alternateName":"Talleres Gara","url":"https:\/\/talleres-gara.com\/fr\/","logo":{"@type":"ImageObject","inLanguage":"fr-FR","@id":"https:\/\/talleres-gara.com\/fr\/#\/schema\/logo\/image\/","url":"https:\/\/talleres-gara.com\/wp-content\/uploads\/2016\/09\/LOGO-TALLERES-GARA-FLICK.jpg","contentUrl":"https:\/\/talleres-gara.com\/wp-content\/uploads\/2016\/09\/LOGO-TALLERES-GARA-FLICK.jpg","width":70,"height":84,"caption":"Talleres Gara"},"image":{"@id":"https:\/\/talleres-gara.com\/fr\/#\/schema\/logo\/image\/"}},{"@type":"Person","@id":"https:\/\/talleres-gara.com\/fr\/#\/schema\/person\/138a7d3e67907d6e5d3a8d71ef4c7634","name":"Talleres Gara","image":{"@type":"ImageObject","inLanguage":"fr-FR","@id":"https:\/\/secure.gravatar.com\/avatar\/9bfbafce857c09da9da654f4325c21eedf9c896b790ed2869af7484e3cb9e336?s=96&d=mm&r=g","url":"https:\/\/secure.gravatar.com\/avatar\/9bfbafce857c09da9da654f4325c21eedf9c896b790ed2869af7484e3cb9e336?s=96&d=mm&r=g","contentUrl":"https:\/\/secure.gravatar.com\/avatar\/9bfbafce857c09da9da654f4325c21eedf9c896b790ed2869af7484e3cb9e336?s=96&d=mm&r=g","caption":"Talleres Gara"}}]}},"_links":{"self":[{"href":"https:\/\/talleres-gara.com\/fr\/wp-json\/wp\/v2\/pages\/1542","targetHints":{"allow":["GET"]}}],"collection":[{"href":"https:\/\/talleres-gara.com\/fr\/wp-json\/wp\/v2\/pages"}],"about":[{"href":"https:\/\/talleres-gara.com\/fr\/wp-json\/wp\/v2\/types\/page"}],"author":[{"embeddable":true,"href":"https:\/\/talleres-gara.com\/fr\/wp-json\/wp\/v2\/users\/1"}],"replies":[{"embeddable":true,"href":"https:\/\/talleres-gara.com\/fr\/wp-json\/wp\/v2\/comments?post=1542"}],"version-history":[{"count":3,"href":"https:\/\/talleres-gara.com\/fr\/wp-json\/wp\/v2\/pages\/1542\/revisions"}],"predecessor-version":[{"id":1713,"href":"https:\/\/talleres-gara.com\/fr\/wp-json\/wp\/v2\/pages\/1542\/revisions\/1713"}],"wp:attachment":[{"href":"https:\/\/talleres-gara.com\/fr\/wp-json\/wp\/v2\/media?parent=1542"}],"curies":[{"name":"wp","href":"https:\/\/api.w.org\/{rel}","templated":true}]}}